{"id":60,"date":"2019-01-21T15:55:12","date_gmt":"2019-01-21T14:55:12","guid":{"rendered":"https:\/\/www.hifu-prostate.fr\/?page_id=60"},"modified":"2026-01-09T15:31:54","modified_gmt":"2026-01-09T14:31:54","slug":"accueil","status":"publish","type":"page","link":"https:\/\/hifu-prostate.com\/fr\/","title":{"rendered":"Accueil"},"content":{"rendered":"\t\t<div data-elementor-type=\"wp-post\" data-elementor-id=\"60\" class=\"elementor elementor-60\" data-elementor-post-type=\"page\">\n\t\t\t\t<div class=\"elementor-element elementor-element-a030b90 e-con-full e-flex e-con e-parent\" data-id=\"a030b90\" data-element_type=\"container\" data-settings=\"{&quot;background_background&quot;:&quot;video&quot;,&quot;background_video_link&quot;:&quot;https:\\\/\\\/hifu-prostate.com\\\/fr\\\/wp-content\\\/uploads\\\/sites\\\/2\\\/2025\\\/11\\\/jogging.mp4&quot;}\">\n\t\t<div class=\"elementor-background-video-container elementor-hidden-mobile\" aria-hidden=\"true\">\n\t\t\t\t\t\t\t<video class=\"elementor-background-video-hosted\" autoplay muted playsinline loop><\/video>\n\t\t\t\t\t<\/div><div class=\"elementor-element elementor-element-6265c96 e-flex e-con-boxed e-con e-child\" data-id=\"6265c96\" data-element_type=\"container\">\n\t\t\t\t\t<div class=\"e-con-inner\">\n\t\t\t\t<div class=\"elementor-element elementor-element-4801114 elementor-widget elementor-widget-text-editor\" data-id=\"4801114\" data-element_type=\"widget\" data-widget_type=\"text-editor.default\">\n\t\t\t\t<div class=\"elementor-widget-container\">\n\t\t\t\t\t\t\t\t\t<em><strong>Comprendre la maladie et les options de traitement, c&rsquo;est la premi\u00e8re \u00e9tape pour faire des choix \u00e9clair\u00e9s et reprendre confiance.<\/strong><\/em>\t\t\t\t\t\t\t\t<\/div>\n\t\t\t\t<\/div>\n\t\t\t\t\t<\/div>\n\t\t\t\t<\/div>\n\t\t\t\t<\/div>\n\t\t<div class=\"elementor-element elementor-element-64cd36e4 e-flex e-con-boxed e-con e-parent\" data-id=\"64cd36e4\" data-element_type=\"container\">\n\t\t\t\t\t<div class=\"e-con-inner\">\n\t\t<div class=\"elementor-element elementor-element-b403be4 e-con-full e-flex e-con e-child\" data-id=\"b403be4\" data-element_type=\"container\">\n\t\t\t\t<div class=\"elementor-element elementor-element-27cffab5 elementor-align-left elementor-widget elementor-widget-breadcrumbs\" data-id=\"27cffab5\" data-element_type=\"widget\" data-widget_type=\"breadcrumbs.default\">\n\t\t\t\t<div class=\"elementor-widget-container\">\n\t\t\t\t\t<p id=\"breadcrumbs\"><span><span><a href=\"https:\/\/dev.hifu-prostate.fr\/fr\/\">Accueil<\/a><\/span><\/span><\/p>\t\t\t\t<\/div>\n\t\t\t\t<\/div>\n\t\t\t\t<\/div>\n\t\t\t\t\t<\/div>\n\t\t\t\t<\/div>\n\t\t<div class=\"elementor-element elementor-element-f434a5c e-flex e-con-boxed e-con e-parent\" data-id=\"f434a5c\" data-element_type=\"container\">\n\t\t\t\t\t<div class=\"e-con-inner\">\n\t\t<div class=\"elementor-element elementor-element-b33ebba e-con-full hp-leadline e-flex e-con e-child\" data-id=\"b33ebba\" data-element_type=\"container\">\n\t\t\t\t<div class=\"elementor-element elementor-element-ace663e elementor-widget elementor-widget-html\" data-id=\"ace663e\" data-element_type=\"widget\" data-widget_type=\"html.default\">\n\t\t\t\t<div class=\"elementor-widget-container\">\n\t\t\t\t\t<h2 class=\"hp-lead-title\">\n  <strong>Le cancer de la prostate :<\/strong><br>\n  <span class=\"hp-lead-sub\">anatomie, diagnostic et prise en charge<\/span>\n<\/h2>\t\t\t\t<\/div>\n\t\t\t\t<\/div>\n\t\t\t\t<\/div>\n\t\t<div class=\"elementor-element elementor-element-842b04d e-con-full e-flex e-con e-child\" data-id=\"842b04d\" data-element_type=\"container\">\n\t\t\t\t<div class=\"elementor-element elementor-element-7b680c7 elementor-widget elementor-widget-text-editor\" data-id=\"7b680c7\" data-element_type=\"widget\" data-widget_type=\"text-editor.default\">\n\t\t\t\t<div class=\"elementor-widget-container\">\n\t\t\t\t\t\t\t\t\t<p><strong>Le cancer de la prostate<\/strong> est le cancer masculin le plus fr\u00e9quent en France.<br data-start=\"1502\" data-end=\"1505\" \/>Il se d\u00e9veloppe g\u00e9n\u00e9ralement lentement \u00e0 partir des cellules de la prostate, une petite glande situ\u00e9e sous la vessie, qui joue un r\u00f4le essentiel dans la production du liquide s\u00e9minal. Souvent silencieux \u00e0 ses d\u00e9buts, il est parfois d\u00e9couvert lors d\u2019un simple examen de d\u00e9pistage. Bien que son diagnostic puisse susciter de l\u2019inqui\u00e9tude, de nombreuses formes de cancer de la prostate \u00e9voluent lentement et peuvent \u00eatre prises en charge efficacement gr\u00e2ce \u00e0 des traitements adapt\u00e9s. <strong>Comprendre la maladie, ses m\u00e9canismes et les options th\u00e9rapeutiques disponibles est une \u00e9tape essentielle pour faire des choix \u00e9clair\u00e9s en concertation avec son \u00e9quipe m\u00e9dicale.<\/strong><\/p>\t\t\t\t\t\t\t\t<\/div>\n\t\t\t\t<\/div>\n\t\t\t\t<\/div>\n\t\t\t\t\t<\/div>\n\t\t\t\t<\/div>\n\t\t<div class=\"elementor-element elementor-element-5dd08e1 e-flex e-con-boxed e-con e-parent\" data-id=\"5dd08e1\" data-element_type=\"container\">\n\t\t\t\t\t<div class=\"e-con-inner\">\n\t\t\t\t<div class=\"elementor-element elementor-element-fe5a9a2 elementor-widget elementor-widget-spacer\" data-id=\"fe5a9a2\" data-element_type=\"widget\" data-widget_type=\"spacer.default\">\n\t\t\t\t<div class=\"elementor-widget-container\">\n\t\t\t\t\t\t\t<div class=\"elementor-spacer\">\n\t\t\t<div class=\"elementor-spacer-inner\"><\/div>\n\t\t<\/div>\n\t\t\t\t\t\t<\/div>\n\t\t\t\t<\/div>\n\t\t\t\t\t<\/div>\n\t\t\t\t<\/div>\n\t\t<div class=\"elementor-element elementor-element-fc246a2 e-flex e-con-boxed e-con e-parent\" data-id=\"fc246a2\" data-element_type=\"container\">\n\t\t\t\t\t<div class=\"e-con-inner\">\n\t\t<div class=\"elementor-element elementor-element-10f3a12 e-con-full e-flex e-con e-child\" data-id=\"10f3a12\" data-element_type=\"container\">\n\t\t\t\t<div class=\"elementor-element elementor-element-37515bf elementor-widget elementor-widget-heading\" data-id=\"37515bf\" data-element_type=\"widget\" data-widget_type=\"heading.default\">\n\t\t\t\t<div class=\"elementor-widget-container\">\n\t\t\t\t\t<h2 class=\"elementor-heading-title elementor-size-default\">Pour aller plus loin<\/h2>\t\t\t\t<\/div>\n\t\t\t\t<\/div>\n\t\t\t\t<\/div>\n\t\t<div class=\"elementor-element elementor-element-e5fa8d9 e-con-full e-grid hp-more-grid e-con e-child\" data-id=\"e5fa8d9\" data-element_type=\"container\">\n\t\t<a class=\"elementor-element elementor-element-a78f567 e-con-full hp-card e-flex e-con e-child\" data-id=\"a78f567\" data-element_type=\"container\" data-settings=\"{&quot;background_background&quot;:&quot;classic&quot;}\" href=\"https:\/\/hifu-prostate.com\/fr\/la-prostate\/quest-ce-que-la-prostate\/\">\n\t\t<div class=\"elementor-element elementor-element-ebd2b2c e-con-full hp-card-img elementor-hidden-mobile e-flex e-con e-child\" data-id=\"ebd2b2c\" data-element_type=\"container\" data-settings=\"{&quot;background_background&quot;:&quot;classic&quot;}\">\n\t\t\t\t<\/div>\n\t\t<div class=\"elementor-element elementor-element-331cb55 e-con-full e-flex e-con e-child\" data-id=\"331cb55\" data-element_type=\"container\">\n\t\t\t\t<div class=\"elementor-element elementor-element-cdc9904 elementor-widget elementor-widget-heading\" data-id=\"cdc9904\" data-element_type=\"widget\" data-widget_type=\"heading.default\">\n\t\t\t\t<div class=\"elementor-widget-container\">\n\t\t\t\t\t<h3 class=\"elementor-heading-title elementor-size-default\">Qu'est ce que la prostate ?<\/h3>\t\t\t\t<\/div>\n\t\t\t\t<\/div>\n\t\t\t\t<div class=\"elementor-element elementor-element-65d30b3 hp-card-text elementor-widget elementor-widget-text-editor\" data-id=\"65d30b3\" data-element_type=\"widget\" data-widget_type=\"text-editor.default\">\n\t\t\t\t<div class=\"elementor-widget-container\">\n\t\t\t\t\t\t\t\t\t<p>Sa taille et son volume varient avec l\u2019\u00e2ge et d\u2019un individu \u00e0 l\u2019autre. Situ\u00e9e sous la vessie, devant le rectum, la glande prostatique entoure la partie haute de l\u2019ur\u00e8tre (canal qui conduit l\u2019urine de la vessie vers l\u2019ext\u00e9rieur du corps).<\/p>\t\t\t\t\t\t\t\t<\/div>\n\t\t\t\t<\/div>\n\t\t\t\t<\/div>\n\t\t\t\t<div class=\"elementor-element elementor-element-1154c56 elementor-absolute hp-card-arrow elementor-view-default elementor-widget elementor-widget-icon\" data-id=\"1154c56\" data-element_type=\"widget\" data-settings=\"{&quot;_position&quot;:&quot;absolute&quot;}\" data-widget_type=\"icon.default\">\n\t\t\t\t<div class=\"elementor-widget-container\">\n\t\t\t\t\t\t\t<div class=\"elementor-icon-wrapper\">\n\t\t\t<div class=\"elementor-icon\">\n\t\t\t<svg xmlns=\"http:\/\/www.w3.org\/2000\/svg\" xmlns:xlink=\"http:\/\/www.w3.org\/1999\/xlink\" id=\"Calque_1\" x=\"0px\" y=\"0px\" viewBox=\"0 0 50 23.51\" style=\"enable-background:new 0 0 50 23.51;\" xml:space=\"preserve\"><style type=\"text\/css\">\t.st0{fill:#003366;}<\/style><path class=\"st0\" d=\"M50,11.75c0-0.06,0-0.11-0.01-0.17c-0.01-0.14-0.04-0.27-0.09-0.4c-0.02-0.05-0.02-0.09-0.05-0.13 c-0.07-0.15-0.16-0.3-0.28-0.43L39.85,0.48c-0.6-0.62-1.58-0.64-2.21-0.05C37.02,1.03,37,2.02,37.6,2.64l7.2,7.51H0v3.12h44.79 l-7.29,7.61c-0.6,0.62-0.58,1.61,0.05,2.21c0.3,0.29,0.69,0.43,1.08,0.43c0.41,0,0.82-0.16,1.13-0.48l9.83-10.25 c0.01-0.01,0.01-0.02,0.02-0.04c0.12-0.13,0.22-0.27,0.29-0.43c0-0.01,0-0.02,0.01-0.03c0.02-0.04,0.02-0.08,0.03-0.12 C49.97,12.03,50,11.89,50,11.75z\"><\/path><\/svg>\t\t\t<\/div>\n\t\t<\/div>\n\t\t\t\t\t\t<\/div>\n\t\t\t\t<\/div>\n\t\t\t\t<\/a>\n\t\t<a class=\"elementor-element elementor-element-44b4e5d e-con-full hp-card e-flex e-con e-child\" data-id=\"44b4e5d\" data-element_type=\"container\" data-settings=\"{&quot;background_background&quot;:&quot;classic&quot;}\" href=\"https:\/\/hifu-prostate.com\/fr\/la-prostate\/quest-ce-que-la-prostate\/\">\n\t\t<div class=\"elementor-element elementor-element-1b06d99 e-con-full hp-card-img elementor-hidden-mobile e-flex e-con e-child\" data-id=\"1b06d99\" data-element_type=\"container\" data-settings=\"{&quot;background_background&quot;:&quot;classic&quot;}\">\n\t\t\t\t<\/div>\n\t\t<div class=\"elementor-element elementor-element-c19607e e-con-full e-flex e-con e-child\" data-id=\"c19607e\" data-element_type=\"container\">\n\t\t\t\t<div class=\"elementor-element elementor-element-56f3259 elementor-widget elementor-widget-heading\" data-id=\"56f3259\" data-element_type=\"widget\" data-widget_type=\"heading.default\">\n\t\t\t\t<div class=\"elementor-widget-container\">\n\t\t\t\t\t<h3 class=\"elementor-heading-title elementor-size-default\">Le cancer de la prostate<\/h3>\t\t\t\t<\/div>\n\t\t\t\t<\/div>\n\t\t\t\t<div class=\"elementor-element elementor-element-6345270 hp-card-text elementor-widget elementor-widget-text-editor\" data-id=\"6345270\" data-element_type=\"widget\" data-widget_type=\"text-editor.default\">\n\t\t\t\t<div class=\"elementor-widget-container\">\n\t\t\t\t\t\t\t\t\t<p>Tous les organes du corps sont constitu\u00e9s de cellules sp\u00e9cialis\u00e9es dans diff\u00e9rentes activit\u00e9s. Il existe en permanence un processus de r\u00e9g\u00e9n\u00e9ration par division<br \/>cellulaire.<\/p>\t\t\t\t\t\t\t\t<\/div>\n\t\t\t\t<\/div>\n\t\t\t\t<\/div>\n\t\t\t\t<div class=\"elementor-element elementor-element-57f8f7f elementor-absolute hp-card-arrow elementor-view-default elementor-widget elementor-widget-icon\" data-id=\"57f8f7f\" data-element_type=\"widget\" data-settings=\"{&quot;_position&quot;:&quot;absolute&quot;}\" data-widget_type=\"icon.default\">\n\t\t\t\t<div class=\"elementor-widget-container\">\n\t\t\t\t\t\t\t<div class=\"elementor-icon-wrapper\">\n\t\t\t<div class=\"elementor-icon\">\n\t\t\t<svg xmlns=\"http:\/\/www.w3.org\/2000\/svg\" xmlns:xlink=\"http:\/\/www.w3.org\/1999\/xlink\" id=\"Calque_1\" x=\"0px\" y=\"0px\" viewBox=\"0 0 50 23.51\" style=\"enable-background:new 0 0 50 23.51;\" xml:space=\"preserve\"><style type=\"text\/css\">\t.st0{fill:#003366;}<\/style><path class=\"st0\" d=\"M50,11.75c0-0.06,0-0.11-0.01-0.17c-0.01-0.14-0.04-0.27-0.09-0.4c-0.02-0.05-0.02-0.09-0.05-0.13 c-0.07-0.15-0.16-0.3-0.28-0.43L39.85,0.48c-0.6-0.62-1.58-0.64-2.21-0.05C37.02,1.03,37,2.02,37.6,2.64l7.2,7.51H0v3.12h44.79 l-7.29,7.61c-0.6,0.62-0.58,1.61,0.05,2.21c0.3,0.29,0.69,0.43,1.08,0.43c0.41,0,0.82-0.16,1.13-0.48l9.83-10.25 c0.01-0.01,0.01-0.02,0.02-0.04c0.12-0.13,0.22-0.27,0.29-0.43c0-0.01,0-0.02,0.01-0.03c0.02-0.04,0.02-0.08,0.03-0.12 C49.97,12.03,50,11.89,50,11.75z\"><\/path><\/svg>\t\t\t<\/div>\n\t\t<\/div>\n\t\t\t\t\t\t<\/div>\n\t\t\t\t<\/div>\n\t\t\t\t<\/a>\n\t\t<a class=\"elementor-element elementor-element-0019fd6 e-con-full hp-card e-flex e-con e-child\" data-id=\"0019fd6\" data-element_type=\"container\" data-settings=\"{&quot;background_background&quot;:&quot;classic&quot;}\" href=\"https:\/\/hifu-prostate.com\/fr\/la-prostate\/quest-ce-que-la-prostate\/\">\n\t\t<div class=\"elementor-element elementor-element-af12a0c e-con-full hp-card-img elementor-hidden-mobile e-flex e-con e-child\" data-id=\"af12a0c\" data-element_type=\"container\" data-settings=\"{&quot;background_background&quot;:&quot;classic&quot;}\">\n\t\t\t\t<\/div>\n\t\t<div class=\"elementor-element elementor-element-d5b8071 e-con-full e-flex e-con e-child\" data-id=\"d5b8071\" data-element_type=\"container\">\n\t\t\t\t<div class=\"elementor-element elementor-element-916562d elementor-widget elementor-widget-heading\" data-id=\"916562d\" data-element_type=\"widget\" data-widget_type=\"heading.default\">\n\t\t\t\t<div class=\"elementor-widget-container\">\n\t\t\t\t\t<h3 class=\"elementor-heading-title elementor-size-default\">Les traitements<\/h3>\t\t\t\t<\/div>\n\t\t\t\t<\/div>\n\t\t\t\t<div class=\"elementor-element elementor-element-4cd8108 hp-card-text elementor-widget elementor-widget-text-editor\" data-id=\"4cd8108\" data-element_type=\"widget\" data-widget_type=\"text-editor.default\">\n\t\t\t\t<div class=\"elementor-widget-container\">\n\t\t\t\t\t\t\t\t\t<p>La strat\u00e9gie est adapt\u00e9e \u00e0 chaque cas individuel. Elle d\u00e9pend avant tout des caract\u00e9ristiques du cancer dont le patient est atteint : la localisation, le grade et le stade.<\/p>\t\t\t\t\t\t\t\t<\/div>\n\t\t\t\t<\/div>\n\t\t\t\t<\/div>\n\t\t\t\t<div class=\"elementor-element elementor-element-4763207 elementor-absolute hp-card-arrow elementor-view-default elementor-widget elementor-widget-icon\" data-id=\"4763207\" data-element_type=\"widget\" data-settings=\"{&quot;_position&quot;:&quot;absolute&quot;}\" data-widget_type=\"icon.default\">\n\t\t\t\t<div class=\"elementor-widget-container\">\n\t\t\t\t\t\t\t<div class=\"elementor-icon-wrapper\">\n\t\t\t<div class=\"elementor-icon\">\n\t\t\t<svg xmlns=\"http:\/\/www.w3.org\/2000\/svg\" xmlns:xlink=\"http:\/\/www.w3.org\/1999\/xlink\" id=\"Calque_1\" x=\"0px\" y=\"0px\" viewBox=\"0 0 50 23.51\" style=\"enable-background:new 0 0 50 23.51;\" xml:space=\"preserve\"><style type=\"text\/css\">\t.st0{fill:#003366;}<\/style><path class=\"st0\" d=\"M50,11.75c0-0.06,0-0.11-0.01-0.17c-0.01-0.14-0.04-0.27-0.09-0.4c-0.02-0.05-0.02-0.09-0.05-0.13 c-0.07-0.15-0.16-0.3-0.28-0.43L39.85,0.48c-0.6-0.62-1.58-0.64-2.21-0.05C37.02,1.03,37,2.02,37.6,2.64l7.2,7.51H0v3.12h44.79 l-7.29,7.61c-0.6,0.62-0.58,1.61,0.05,2.21c0.3,0.29,0.69,0.43,1.08,0.43c0.41,0,0.82-0.16,1.13-0.48l9.83-10.25 c0.01-0.01,0.01-0.02,0.02-0.04c0.12-0.13,0.22-0.27,0.29-0.43c0-0.01,0-0.02,0.01-0.03c0.02-0.04,0.02-0.08,0.03-0.12 C49.97,12.03,50,11.89,50,11.75z\"><\/path><\/svg>\t\t\t<\/div>\n\t\t<\/div>\n\t\t\t\t\t\t<\/div>\n\t\t\t\t<\/div>\n\t\t\t\t<\/a>\n\t\t\t\t<\/div>\n\t\t\t\t\t<\/div>\n\t\t\t\t<\/div>\n\t\t\t\t<\/div>\n\t\t","protected":false},"excerpt":{"rendered":"<p>Comprendre la maladie et les options de traitement, c&rsquo;est la premi\u00e8re \u00e9tape pour faire des choix \u00e9clair\u00e9s et reprendre confiance. Le cancer de la prostate : anatomie, diagnostic et prise en charge Le cancer de la prostate est le cancer masculin le plus fr\u00e9quent en France.Il se d\u00e9veloppe g\u00e9n\u00e9ralement lentement \u00e0 partir des cellules de [&hellip;]<\/p>\n","protected":false},"author":566,"featured_media":0,"parent":0,"menu_order":0,"comment_status":"closed","ping_status":"closed","template":"","meta":{"footnotes":""},"class_list":["post-60","page","type-page","status-publish","hentry"],"yoast_head":"<!-- This site is optimized with the Yoast SEO plugin v26.3 - https:\/\/yoast.com\/wordpress\/plugins\/seo\/ -->\n<title>Traitement du cancer localis\u00e9 de la prostate - HIFU prostate<\/title>\n<meta name=\"description\" content=\"Comment vaincre et gu\u00e9rir du cancer de la prostate avec Ablatherm et Focal One, traitement localis\u00e9 non invasif par ultrasons focalis\u00e9s de haute intensit\u00e9.\" \/>\n<meta name=\"robots\" content=\"index, follow, max-snippet:-1, max-image-preview:large, max-video-preview:-1\" \/>\n<link rel=\"canonical\" href=\"https:\/\/dev.hifu-prostate.fr\/fr\/\" \/>\n<meta property=\"og:locale\" content=\"fr_FR\" \/>\n<meta property=\"og:type\" content=\"article\" \/>\n<meta property=\"og:title\" content=\"Traitement du cancer localis\u00e9 de la prostate - HIFU prostate\" \/>\n<meta property=\"og:description\" content=\"Comment vaincre et gu\u00e9rir du cancer de la prostate avec Ablatherm et Focal One, traitement localis\u00e9 non invasif par ultrasons focalis\u00e9s de haute intensit\u00e9.\" \/>\n<meta property=\"og:url\" content=\"https:\/\/dev.hifu-prostate.fr\/fr\/\" \/>\n<meta property=\"og:site_name\" content=\"HIFU-PROSTATE FR\" \/>\n<meta property=\"article:modified_time\" content=\"2026-01-09T14:31:54+00:00\" \/>\n<meta name=\"twitter:card\" content=\"summary_large_image\" \/>\n<meta name=\"twitter:label1\" content=\"Dur\u00e9e de lecture estim\u00e9e\" \/>\n\t<meta name=\"twitter:data1\" content=\"2 minutes\" \/>\n<script type=\"application\/ld+json\" class=\"yoast-schema-graph\">{\"@context\":\"https:\/\/schema.org\",\"@graph\":[{\"@type\":\"WebPage\",\"@id\":\"https:\/\/dev.hifu-prostate.fr\/fr\/\",\"url\":\"https:\/\/dev.hifu-prostate.fr\/fr\/\",\"name\":\"Traitement du cancer localis\u00e9 de la prostate - HIFU prostate\",\"isPartOf\":{\"@id\":\"https:\/\/hifu-prostate.com\/fr\/#website\"},\"datePublished\":\"2019-01-21T14:55:12+00:00\",\"dateModified\":\"2026-01-09T14:31:54+00:00\",\"description\":\"Comment vaincre et gu\u00e9rir du cancer de la prostate avec Ablatherm et Focal One, traitement localis\u00e9 non invasif par ultrasons focalis\u00e9s de haute intensit\u00e9.\",\"breadcrumb\":{\"@id\":\"https:\/\/dev.hifu-prostate.fr\/fr\/#breadcrumb\"},\"inLanguage\":\"fr-FR\",\"potentialAction\":[{\"@type\":\"ReadAction\",\"target\":[\"https:\/\/dev.hifu-prostate.fr\/fr\/\"]}]},{\"@type\":\"BreadcrumbList\",\"@id\":\"https:\/\/dev.hifu-prostate.fr\/fr\/#breadcrumb\",\"itemListElement\":[{\"@type\":\"ListItem\",\"position\":1,\"name\":\"Accueil\",\"item\":\"https:\/\/dev.hifu-prostate.fr\/fr\/\"},{\"@type\":\"ListItem\",\"position\":2,\"name\":\"Accueil\"}]},{\"@type\":\"WebSite\",\"@id\":\"https:\/\/hifu-prostate.com\/fr\/#website\",\"url\":\"https:\/\/hifu-prostate.com\/fr\/\",\"name\":\"HIFU-PROSTATE FR\",\"description\":\"HIFU-Prostate, votre expert du traitement du cancer de la prostate.\",\"publisher\":{\"@id\":\"https:\/\/hifu-prostate.com\/fr\/#organization\"},\"potentialAction\":[{\"@type\":\"SearchAction\",\"target\":{\"@type\":\"EntryPoint\",\"urlTemplate\":\"https:\/\/hifu-prostate.com\/fr\/?s={search_term_string}\"},\"query-input\":{\"@type\":\"PropertyValueSpecification\",\"valueRequired\":true,\"valueName\":\"search_term_string\"}}],\"inLanguage\":\"fr-FR\"},{\"@type\":\"Organization\",\"@id\":\"https:\/\/hifu-prostate.com\/fr\/#organization\",\"name\":\"HIFU-PROSTATE FR\",\"url\":\"https:\/\/hifu-prostate.com\/fr\/\",\"logo\":{\"@type\":\"ImageObject\",\"inLanguage\":\"fr-FR\",\"@id\":\"https:\/\/hifu-prostate.com\/fr\/#\/schema\/logo\/image\/\",\"url\":\"https:\/\/hifu-prostate.com\/fr\/wp-content\/uploads\/sites\/2\/2025\/11\/Logo-hifu-prostate-CMJN.svg\",\"contentUrl\":\"https:\/\/hifu-prostate.com\/fr\/wp-content\/uploads\/sites\/2\/2025\/11\/Logo-hifu-prostate-CMJN.svg\",\"width\":211,\"height\":69,\"caption\":\"HIFU-PROSTATE FR\"},\"image\":{\"@id\":\"https:\/\/hifu-prostate.com\/fr\/#\/schema\/logo\/image\/\"}}]}<\/script>\n<!-- \/ Yoast SEO plugin. -->","yoast_head_json":{"title":"Traitement du cancer localis\u00e9 de la prostate - HIFU prostate","description":"Comment vaincre et gu\u00e9rir du cancer de la prostate avec Ablatherm et Focal One, traitement localis\u00e9 non invasif par ultrasons focalis\u00e9s de haute intensit\u00e9.","robots":{"index":"index","follow":"follow","max-snippet":"max-snippet:-1","max-image-preview":"max-image-preview:large","max-video-preview":"max-video-preview:-1"},"canonical":"https:\/\/dev.hifu-prostate.fr\/fr\/","og_locale":"fr_FR","og_type":"article","og_title":"Traitement du cancer localis\u00e9 de la prostate - HIFU prostate","og_description":"Comment vaincre et gu\u00e9rir du cancer de la prostate avec Ablatherm et Focal One, traitement localis\u00e9 non invasif par ultrasons focalis\u00e9s de haute intensit\u00e9.","og_url":"https:\/\/dev.hifu-prostate.fr\/fr\/","og_site_name":"HIFU-PROSTATE FR","article_modified_time":"2026-01-09T14:31:54+00:00","twitter_card":"summary_large_image","twitter_misc":{"Dur\u00e9e de lecture estim\u00e9e":"2 minutes"},"schema":{"@context":"https:\/\/schema.org","@graph":[{"@type":"WebPage","@id":"https:\/\/dev.hifu-prostate.fr\/fr\/","url":"https:\/\/dev.hifu-prostate.fr\/fr\/","name":"Traitement du cancer localis\u00e9 de la prostate - HIFU prostate","isPartOf":{"@id":"https:\/\/hifu-prostate.com\/fr\/#website"},"datePublished":"2019-01-21T14:55:12+00:00","dateModified":"2026-01-09T14:31:54+00:00","description":"Comment vaincre et gu\u00e9rir du cancer de la prostate avec Ablatherm et Focal One, traitement localis\u00e9 non invasif par ultrasons focalis\u00e9s de haute intensit\u00e9.","breadcrumb":{"@id":"https:\/\/dev.hifu-prostate.fr\/fr\/#breadcrumb"},"inLanguage":"fr-FR","potentialAction":[{"@type":"ReadAction","target":["https:\/\/dev.hifu-prostate.fr\/fr\/"]}]},{"@type":"BreadcrumbList","@id":"https:\/\/dev.hifu-prostate.fr\/fr\/#breadcrumb","itemListElement":[{"@type":"ListItem","position":1,"name":"Accueil","item":"https:\/\/dev.hifu-prostate.fr\/fr\/"},{"@type":"ListItem","position":2,"name":"Accueil"}]},{"@type":"WebSite","@id":"https:\/\/hifu-prostate.com\/fr\/#website","url":"https:\/\/hifu-prostate.com\/fr\/","name":"HIFU-PROSTATE FR","description":"HIFU-Prostate, votre expert du traitement du cancer de la prostate.","publisher":{"@id":"https:\/\/hifu-prostate.com\/fr\/#organization"},"potentialAction":[{"@type":"SearchAction","target":{"@type":"EntryPoint","urlTemplate":"https:\/\/hifu-prostate.com\/fr\/?s={search_term_string}"},"query-input":{"@type":"PropertyValueSpecification","valueRequired":true,"valueName":"search_term_string"}}],"inLanguage":"fr-FR"},{"@type":"Organization","@id":"https:\/\/hifu-prostate.com\/fr\/#organization","name":"HIFU-PROSTATE FR","url":"https:\/\/hifu-prostate.com\/fr\/","logo":{"@type":"ImageObject","inLanguage":"fr-FR","@id":"https:\/\/hifu-prostate.com\/fr\/#\/schema\/logo\/image\/","url":"https:\/\/hifu-prostate.com\/fr\/wp-content\/uploads\/sites\/2\/2025\/11\/Logo-hifu-prostate-CMJN.svg","contentUrl":"https:\/\/hifu-prostate.com\/fr\/wp-content\/uploads\/sites\/2\/2025\/11\/Logo-hifu-prostate-CMJN.svg","width":211,"height":69,"caption":"HIFU-PROSTATE FR"},"image":{"@id":"https:\/\/hifu-prostate.com\/fr\/#\/schema\/logo\/image\/"}}]}},"_links":{"self":[{"href":"https:\/\/hifu-prostate.com\/fr\/wp-json\/wp\/v2\/pages\/60","targetHints":{"allow":["GET"]}}],"collection":[{"href":"https:\/\/hifu-prostate.com\/fr\/wp-json\/wp\/v2\/pages"}],"about":[{"href":"https:\/\/hifu-prostate.com\/fr\/wp-json\/wp\/v2\/types\/page"}],"author":[{"embeddable":true,"href":"https:\/\/hifu-prostate.com\/fr\/wp-json\/wp\/v2\/users\/566"}],"replies":[{"embeddable":true,"href":"https:\/\/hifu-prostate.com\/fr\/wp-json\/wp\/v2\/comments?post=60"}],"version-history":[{"count":66,"href":"https:\/\/hifu-prostate.com\/fr\/wp-json\/wp\/v2\/pages\/60\/revisions"}],"predecessor-version":[{"id":10522,"href":"https:\/\/hifu-prostate.com\/fr\/wp-json\/wp\/v2\/pages\/60\/revisions\/10522"}],"wp:attachment":[{"href":"https:\/\/hifu-prostate.com\/fr\/wp-json\/wp\/v2\/media?parent=60"}],"curies":[{"name":"wp","href":"https:\/\/api.w.org\/{rel}","templated":true}]}}